{"id":707,"date":"2025-05-09T08:09:02","date_gmt":"2025-05-09T08:09:02","guid":{"rendered":"https:\/\/www.kekova-sailing.com\/our-boats\/"},"modified":"2025-06-12T14:00:19","modified_gmt":"2025-06-12T14:00:19","slug":"our-boats","status":"publish","type":"page","link":"https:\/\/www.kekova-sailing.com\/en\/our-boats\/","title":{"rendered":"Our Boats"},"content":{"rendered":"\t\t<div data-elementor-type=\"wp-page\" data-elementor-id=\"707\" class=\"elementor elementor-707 elementor-19\" data-elementor-post-type=\"page\">\n\t\t\t\t<div class=\"elementor-element elementor-element-c816b6e e-flex e-con-boxed e-con e-parent\" data-id=\"c816b6e\" data-element_type=\"container\" data-e-type=\"container\">\n\t\t\t\t\t<div class=\"e-con-inner\">\n\t\t\t\t<div class=\"elementor-element elementor-element-4720f23 elementor-widget__width-initial elementor-widget-tablet__width-initial elementor-widget elementor-widget-text-editor\" data-id=\"4720f23\" data-element_type=\"widget\" data-e-type=\"widget\" data-widget_type=\"text-editor.default\">\n\t\t\t\t\t\t\t\t\t<p>Explore the enchanting bays of Kekova with our comfortable and safe boats. We offer private or daily tours with boats of various capacities and equipment. All our boats are clean, well-maintained, and operated by our experienced captains.<\/p>\n\t\t\t\t\t\t\t\t<\/div>\n\t\t\t\t<div class=\"elementor-element elementor-element-25861b5 elementor-widget elementor-widget-jet-listing-grid\" data-id=\"25861b5\" data-element_type=\"widget\" data-e-type=\"widget\" data-settings=\"{&quot;columns&quot;:&quot;3&quot;,&quot;columns_tablet&quot;:&quot;2&quot;,&quot;columns_mobile&quot;:&quot;1&quot;}\" data-widget_type=\"jet-listing-grid.default\">\n\t\t\t\t\t<div class=\"jet-listing-grid jet-listing\"><div class=\"jet-listing-grid__items grid-col-desk-3 grid-col-tablet-2 grid-col-mobile-1 jet-listing-grid--247 grid-collapse-gap\" data-queried-id=\"707|WP_Post\" data-nav=\"{&quot;enabled&quot;:true,&quot;type&quot;:&quot;scroll&quot;,&quot;more_el&quot;:null,&quot;query&quot;:{&quot;post_status&quot;:[&quot;publish&quot;],&quot;post_type&quot;:&quot;tekneler&quot;,&quot;posts_per_page&quot;:9,&quot;paged&quot;:1,&quot;ignore_sticky_posts&quot;:true,&quot;signature&quot;:&quot;c6fc371d858ecacb82682e91dfe1c92b01b8a9fc872709d5224b6c112a8ddd45&quot;},&quot;widget_settings&quot;:{&quot;lisitng_id&quot;:247,&quot;posts_num&quot;:9,&quot;columns&quot;:3,&quot;columns_tablet&quot;:2,&quot;columns_mobile&quot;:1,&quot;column_min_width&quot;:240,&quot;column_min_width_tablet&quot;:240,&quot;column_min_width_mobile&quot;:240,&quot;inline_columns_css&quot;:false,&quot;is_archive_template&quot;:&quot;&quot;,&quot;post_status&quot;:[&quot;publish&quot;],&quot;use_random_posts_num&quot;:&quot;&quot;,&quot;max_posts_num&quot;:9,&quot;not_found_message&quot;:&quot;Content not found...&quot;,&quot;is_masonry&quot;:false,&quot;equal_columns_height&quot;:&quot;&quot;,&quot;use_load_more&quot;:&quot;yes&quot;,&quot;load_more_id&quot;:&quot;&quot;,&quot;load_more_type&quot;:&quot;scroll&quot;,&quot;load_more_offset&quot;:{&quot;unit&quot;:&quot;px&quot;,&quot;size&quot;:&quot;&quot;,&quot;sizes&quot;:[]},&quot;use_custom_post_types&quot;:&quot;&quot;,&quot;custom_post_types&quot;:[],&quot;hide_widget_if&quot;:&quot;&quot;,&quot;carousel_enabled&quot;:&quot;&quot;,&quot;slides_to_scroll&quot;:&quot;1&quot;,&quot;arrows&quot;:&quot;true&quot;,&quot;arrow_icon&quot;:&quot;fa fa-angle-left&quot;,&quot;dots&quot;:&quot;&quot;,&quot;autoplay&quot;:&quot;true&quot;,&quot;pause_on_hover&quot;:&quot;true&quot;,&quot;autoplay_speed&quot;:5000,&quot;infinite&quot;:&quot;true&quot;,&quot;center_mode&quot;:&quot;&quot;,&quot;effect&quot;:&quot;slide&quot;,&quot;speed&quot;:500,&quot;inject_alternative_items&quot;:&quot;&quot;,&quot;injection_items&quot;:[],&quot;scroll_slider_enabled&quot;:&quot;&quot;,&quot;scroll_slider_on&quot;:[&quot;desktop&quot;,&quot;tablet&quot;,&quot;mobile&quot;],&quot;custom_query&quot;:false,&quot;custom_query_id&quot;:&quot;&quot;,&quot;_element_id&quot;:&quot;&quot;,&quot;collapse_first_last_gap&quot;:&quot;true&quot;,&quot;list_tag_selection&quot;:&quot;&quot;,&quot;list_items_wrapper_tag&quot;:&quot;div&quot;,&quot;list_item_tag&quot;:&quot;div&quot;,&quot;empty_items_wrapper_tag&quot;:&quot;div&quot;}}\" data-page=\"1\" data-pages=\"1\" data-listing-source=\"posts\" data-listing-id=\"247\" data-query-id=\"\"><div class=\"jet-listing-grid__item jet-listing-dynamic-post-710\" data-post-id=\"710\"  >\t\t<div data-elementor-type=\"jet-listing-items\" data-elementor-id=\"765\" class=\"elementor elementor-765 elementor-247 elementor-247\" data-elementor-post-type=\"jet-engine\">\n\t\t\t\t<div class=\"elementor-element elementor-element-26a7ee2 e-flex e-con-boxed e-con e-parent\" data-id=\"26a7ee2\" data-element_type=\"container\" data-e-type=\"container\">\n\t\t\t\t\t<div class=\"e-con-inner\">\n\t\t\t\t<div class=\"elementor-element elementor-element-7a2a987 elementor-widget elementor-widget-image\" data-id=\"7a2a987\" data-element_type=\"widget\" data-e-type=\"widget\" data-widget_type=\"image.default\">\n\t\t\t\t\t\t\t\t\t\t\t\t\t\t\t\t<a href=\"https:\/\/www.kekova-sailing.com\/en\/tekneler\/our-overnight-tour-boat\/\">\n\t\t\t\t\t\t\t<img fetchpriority=\"high\" decoding=\"async\" width=\"768\" height=\"433\" src=\"https:\/\/www.kekova-sailing.com\/wp-content\/uploads\/2025\/05\/Yatili-Tur-Teknesi-768x433.avif\" class=\"attachment-medium_large size-medium_large wp-image-676\" alt=\"\" srcset=\"https:\/\/www.kekova-sailing.com\/wp-content\/uploads\/2025\/05\/Yatili-Tur-Teknesi-768x433.avif 768w, https:\/\/www.kekova-sailing.com\/wp-content\/uploads\/2025\/05\/Yatili-Tur-Teknesi-300x169.avif 300w, https:\/\/www.kekova-sailing.com\/wp-content\/uploads\/2025\/05\/Yatili-Tur-Teknesi-1024x577.avif 1024w, https:\/\/www.kekova-sailing.com\/wp-content\/uploads\/2025\/05\/Yatili-Tur-Teknesi.avif 1200w\" sizes=\"(max-width: 768px) 100vw, 768px\" \/>\t\t\t\t\t\t\t\t<\/a>\n\t\t\t\t\t\t\t\t\t\t\t\t\t\t\t<\/div>\n\t\t\t\t<div class=\"elementor-element elementor-element-0135eab elementor-widget elementor-widget-heading\" data-id=\"0135eab\" data-element_type=\"widget\" data-e-type=\"widget\" data-widget_type=\"heading.default\">\n\t\t\t\t\t<h2 class=\"elementor-heading-title elementor-size-default\"><a href=\"https:\/\/www.kekova-sailing.com\/en\/tekneler\/our-overnight-tour-boat\/\">Our Overnight Tour Boat<\/a><\/h2>\t\t\t\t<\/div>\n\t\t\t\t<div class=\"elementor-element elementor-element-a6d1c80 elementor-widget elementor-widget-text-editor\" data-id=\"a6d1c80\" data-element_type=\"widget\" data-e-type=\"widget\" data-widget_type=\"text-editor.default\">\n\t\t\t\t\t\t\t\t\t<p>Length: 13 MetersNumber of Cabins: 3Class: Nomade Junior \u2013 Standard GuletFeatures: Air&#8230;\t\t\t\t\t\t\t\t<\/div>\n\t\t\t\t<div class=\"elementor-element elementor-element-bc9f0c0 elementor-align-justify elementor-widget elementor-widget-button\" data-id=\"bc9f0c0\" data-element_type=\"widget\" data-e-type=\"widget\" data-widget_type=\"button.default\">\n\t\t\t\t\t\t\t\t\t\t<a class=\"elementor-button elementor-button-link elementor-size-sm\" href=\"https:\/\/www.kekova-sailing.com\/en\/tekneler\/our-overnight-tour-boat\/\">\n\t\t\t\t\t\t<span class=\"elementor-button-content-wrapper\">\n\t\t\t\t\t\t\t\t\t<span class=\"elementor-button-text\">View the Boat<\/span>\n\t\t\t\t\t<\/span>\n\t\t\t\t\t<\/a>\n\t\t\t\t\t\t\t\t<\/div>\n\t\t\t\t\t<\/div>\n\t\t\t\t<\/div>\n\t\t\t\t<\/div>\n\t\t<\/div><div class=\"jet-listing-grid__item jet-listing-dynamic-post-711\" data-post-id=\"711\"  >\t\t<div data-elementor-type=\"jet-listing-items\" data-elementor-id=\"765\" class=\"elementor elementor-765 elementor-247 elementor-247\" data-elementor-post-type=\"jet-engine\">\n\t\t\t\t<div class=\"elementor-element elementor-element-26a7ee2 e-flex e-con-boxed e-con e-parent\" data-id=\"26a7ee2\" data-element_type=\"container\" data-e-type=\"container\">\n\t\t\t\t\t<div class=\"e-con-inner\">\n\t\t\t\t<div class=\"elementor-element elementor-element-7a2a987 elementor-widget elementor-widget-image\" data-id=\"7a2a987\" data-element_type=\"widget\" data-e-type=\"widget\" data-widget_type=\"image.default\">\n\t\t\t\t\t\t\t\t\t\t\t\t\t\t\t\t<a href=\"https:\/\/www.kekova-sailing.com\/en\/tekneler\/our-private-tour-boat\/\">\n\t\t\t\t\t\t\t<img decoding=\"async\" width=\"647\" height=\"1280\" src=\"https:\/\/www.kekova-sailing.com\/wp-content\/uploads\/2025\/05\/16.jpeg\" class=\"attachment-medium_large size-medium_large wp-image-666\" alt=\"\" srcset=\"https:\/\/www.kekova-sailing.com\/wp-content\/uploads\/2025\/05\/16.jpeg 647w, https:\/\/www.kekova-sailing.com\/wp-content\/uploads\/2025\/05\/16-152x300.jpeg 152w, https:\/\/www.kekova-sailing.com\/wp-content\/uploads\/2025\/05\/16-518x1024.jpeg 518w\" sizes=\"(max-width: 647px) 100vw, 647px\" \/>\t\t\t\t\t\t\t\t<\/a>\n\t\t\t\t\t\t\t\t\t\t\t\t\t\t\t<\/div>\n\t\t\t\t<div class=\"elementor-element elementor-element-0135eab elementor-widget elementor-widget-heading\" data-id=\"0135eab\" data-element_type=\"widget\" data-e-type=\"widget\" data-widget_type=\"heading.default\">\n\t\t\t\t\t<h2 class=\"elementor-heading-title elementor-size-default\"><a href=\"https:\/\/www.kekova-sailing.com\/en\/tekneler\/our-private-tour-boat\/\">Our Private Tour Boat<\/a><\/h2>\t\t\t\t<\/div>\n\t\t\t\t<div class=\"elementor-element elementor-element-a6d1c80 elementor-widget elementor-widget-text-editor\" data-id=\"a6d1c80\" data-element_type=\"widget\" data-e-type=\"widget\" data-widget_type=\"text-editor.default\">\n\t\t\t\t\t\t\t\t\t<p>Capacity: Ideal for families and groups of friends Features: Spacious living area,&#8230;\t\t\t\t\t\t\t\t<\/div>\n\t\t\t\t<div class=\"elementor-element elementor-element-bc9f0c0 elementor-align-justify elementor-widget elementor-widget-button\" data-id=\"bc9f0c0\" data-element_type=\"widget\" data-e-type=\"widget\" data-widget_type=\"button.default\">\n\t\t\t\t\t\t\t\t\t\t<a class=\"elementor-button elementor-button-link elementor-size-sm\" href=\"https:\/\/www.kekova-sailing.com\/en\/tekneler\/our-private-tour-boat\/\">\n\t\t\t\t\t\t<span class=\"elementor-button-content-wrapper\">\n\t\t\t\t\t\t\t\t\t<span class=\"elementor-button-text\">View the Boat<\/span>\n\t\t\t\t\t<\/span>\n\t\t\t\t\t<\/a>\n\t\t\t\t\t\t\t\t<\/div>\n\t\t\t\t\t<\/div>\n\t\t\t\t<\/div>\n\t\t\t\t<\/div>\n\t\t<\/div><div class=\"jet-listing-grid__item jet-listing-dynamic-post-712\" data-post-id=\"712\"  >\t\t<div data-elementor-type=\"jet-listing-items\" data-elementor-id=\"765\" class=\"elementor elementor-765 elementor-247 elementor-247\" data-elementor-post-type=\"jet-engine\">\n\t\t\t\t<div class=\"elementor-element elementor-element-26a7ee2 e-flex e-con-boxed e-con e-parent\" data-id=\"26a7ee2\" data-element_type=\"container\" data-e-type=\"container\">\n\t\t\t\t\t<div class=\"e-con-inner\">\n\t\t\t\t<div class=\"elementor-element elementor-element-7a2a987 elementor-widget elementor-widget-image\" data-id=\"7a2a987\" data-element_type=\"widget\" data-e-type=\"widget\" data-widget_type=\"image.default\">\n\t\t\t\t\t\t\t\t\t\t\t\t\t\t\t\t<a href=\"https:\/\/www.kekova-sailing.com\/en\/tekneler\/our-shared-tour-boat\/\">\n\t\t\t\t\t\t\t<img decoding=\"async\" width=\"768\" height=\"512\" src=\"https:\/\/www.kekova-sailing.com\/wp-content\/uploads\/2025\/05\/2-768x512.jpeg\" class=\"attachment-medium_large size-medium_large wp-image-654\" alt=\"\" srcset=\"https:\/\/www.kekova-sailing.com\/wp-content\/uploads\/2025\/05\/2-768x512.jpeg 768w, https:\/\/www.kekova-sailing.com\/wp-content\/uploads\/2025\/05\/2-300x200.jpeg 300w, https:\/\/www.kekova-sailing.com\/wp-content\/uploads\/2025\/05\/2-1024x683.jpeg 1024w, https:\/\/www.kekova-sailing.com\/wp-content\/uploads\/2025\/05\/2.jpeg 1200w\" sizes=\"(max-width: 768px) 100vw, 768px\" \/>\t\t\t\t\t\t\t\t<\/a>\n\t\t\t\t\t\t\t\t\t\t\t\t\t\t\t<\/div>\n\t\t\t\t<div class=\"elementor-element elementor-element-0135eab elementor-widget elementor-widget-heading\" data-id=\"0135eab\" data-element_type=\"widget\" data-e-type=\"widget\" data-widget_type=\"heading.default\">\n\t\t\t\t\t<h2 class=\"elementor-heading-title elementor-size-default\"><a href=\"https:\/\/www.kekova-sailing.com\/en\/tekneler\/our-shared-tour-boat\/\">Our Shared Tour Boat<\/a><\/h2>\t\t\t\t<\/div>\n\t\t\t\t<div class=\"elementor-element elementor-element-a6d1c80 elementor-widget elementor-widget-text-editor\" data-id=\"a6d1c80\" data-element_type=\"widget\" data-e-type=\"widget\" data-widget_type=\"text-editor.default\">\n\t\t\t\t\t\t\t\t\t<p>Length: 16 Meters Features: Mini bar, shower, home-style toilet, spacious upper deck&#8230;\t\t\t\t\t\t\t\t<\/div>\n\t\t\t\t<div class=\"elementor-element elementor-element-bc9f0c0 elementor-align-justify elementor-widget elementor-widget-button\" data-id=\"bc9f0c0\" data-element_type=\"widget\" data-e-type=\"widget\" data-widget_type=\"button.default\">\n\t\t\t\t\t\t\t\t\t\t<a class=\"elementor-button elementor-button-link elementor-size-sm\" href=\"https:\/\/www.kekova-sailing.com\/en\/tekneler\/our-shared-tour-boat\/\">\n\t\t\t\t\t\t<span class=\"elementor-button-content-wrapper\">\n\t\t\t\t\t\t\t\t\t<span class=\"elementor-button-text\">View the Boat<\/span>\n\t\t\t\t\t<\/span>\n\t\t\t\t\t<\/a>\n\t\t\t\t\t\t\t\t<\/div>\n\t\t\t\t\t<\/div>\n\t\t\t\t<\/div>\n\t\t\t\t<\/div>\n\t\t<\/div><div class=\"jet-listing-grid__item jet-listing-dynamic-post-713\" data-post-id=\"713\"  >\t\t<div data-elementor-type=\"jet-listing-items\" data-elementor-id=\"765\" class=\"elementor elementor-765 elementor-247 elementor-247\" data-elementor-post-type=\"jet-engine\">\n\t\t\t\t<div class=\"elementor-element elementor-element-26a7ee2 e-flex e-con-boxed e-con e-parent\" data-id=\"26a7ee2\" data-element_type=\"container\" data-e-type=\"container\">\n\t\t\t\t\t<div class=\"e-con-inner\">\n\t\t\t\t<div class=\"elementor-element elementor-element-7a2a987 elementor-widget elementor-widget-image\" data-id=\"7a2a987\" data-element_type=\"widget\" data-e-type=\"widget\" data-widget_type=\"image.default\">\n\t\t\t\t\t\t\t\t\t\t\t\t\t\t\t\t<a href=\"https:\/\/www.kekova-sailing.com\/en\/tekneler\/our-daily-tour-boat\/\">\n\t\t\t\t\t\t\t<img loading=\"lazy\" decoding=\"async\" width=\"768\" height=\"551\" src=\"https:\/\/www.kekova-sailing.com\/wp-content\/uploads\/2025\/05\/17-768x551.jpeg\" class=\"attachment-medium_large size-medium_large wp-image-667\" alt=\"\" srcset=\"https:\/\/www.kekova-sailing.com\/wp-content\/uploads\/2025\/05\/17-768x551.jpeg 768w, https:\/\/www.kekova-sailing.com\/wp-content\/uploads\/2025\/05\/17-300x215.jpeg 300w, https:\/\/www.kekova-sailing.com\/wp-content\/uploads\/2025\/05\/17.jpeg 840w\" sizes=\"(max-width: 768px) 100vw, 768px\" \/>\t\t\t\t\t\t\t\t<\/a>\n\t\t\t\t\t\t\t\t\t\t\t\t\t\t\t<\/div>\n\t\t\t\t<div class=\"elementor-element elementor-element-0135eab elementor-widget elementor-widget-heading\" data-id=\"0135eab\" data-element_type=\"widget\" data-e-type=\"widget\" data-widget_type=\"heading.default\">\n\t\t\t\t\t<h2 class=\"elementor-heading-title elementor-size-default\"><a href=\"https:\/\/www.kekova-sailing.com\/en\/tekneler\/our-daily-tour-boat\/\">Our Daily Tour Boat<\/a><\/h2>\t\t\t\t<\/div>\n\t\t\t\t<div class=\"elementor-element elementor-element-a6d1c80 elementor-widget elementor-widget-text-editor\" data-id=\"a6d1c80\" data-element_type=\"widget\" data-e-type=\"widget\" data-widget_type=\"text-editor.default\">\n\t\t\t\t\t\t\t\t\t<p>Length: 16 Meters Features: Mini bar, shower, home-style toilet, upper deck Suitability:&#8230;\t\t\t\t\t\t\t\t<\/div>\n\t\t\t\t<div class=\"elementor-element elementor-element-bc9f0c0 elementor-align-justify elementor-widget elementor-widget-button\" data-id=\"bc9f0c0\" data-element_type=\"widget\" data-e-type=\"widget\" data-widget_type=\"button.default\">\n\t\t\t\t\t\t\t\t\t\t<a class=\"elementor-button elementor-button-link elementor-size-sm\" href=\"https:\/\/www.kekova-sailing.com\/en\/tekneler\/our-daily-tour-boat\/\">\n\t\t\t\t\t\t<span class=\"elementor-button-content-wrapper\">\n\t\t\t\t\t\t\t\t\t<span class=\"elementor-button-text\">View the Boat<\/span>\n\t\t\t\t\t<\/span>\n\t\t\t\t\t<\/a>\n\t\t\t\t\t\t\t\t<\/div>\n\t\t\t\t\t<\/div>\n\t\t\t\t<\/div>\n\t\t\t\t<\/div>\n\t\t<\/div><\/div><div class=\"jet-listing-grid__loader\"><div class=\"jet-listing-grid__loader-spinner\"><\/div><div class=\"jet-listing-grid__loader-text\">Y\u00fckleniyor...<\/div><\/div><\/div>\t\t\t\t<\/div>\n\t\t\t\t\t<\/div>\n\t\t\t\t<\/div>\n\t\t\t\t<\/div>\n\t\t","protected":false},"excerpt":{"rendered":"<p>Explore the enchanting bays of Kekova with our comfortable and safe boats. We offer private or daily tours with boats of various capacities and equipment. All our boats are clean, well-maintained, and operated by our experienced captains. Tekneyi \u0130ncele Tekneyi \u0130ncele Tekneyi \u0130ncele Tekneyi \u0130ncele Y\u00fckleniyor&#8230;<\/p>\n","protected":false},"author":1,"featured_media":0,"parent":0,"menu_order":0,"comment_status":"closed","ping_status":"closed","template":"","meta":{"footnotes":""},"class_list":["post-707","page","type-page","status-publish","hentry"],"_links":{"self":[{"href":"https:\/\/www.kekova-sailing.com\/en\/wp-json\/wp\/v2\/pages\/707","targetHints":{"allow":["GET"]}}],"collection":[{"href":"https:\/\/www.kekova-sailing.com\/en\/wp-json\/wp\/v2\/pages"}],"about":[{"href":"https:\/\/www.kekova-sailing.com\/en\/wp-json\/wp\/v2\/types\/page"}],"author":[{"embeddable":true,"href":"https:\/\/www.kekova-sailing.com\/en\/wp-json\/wp\/v2\/users\/1"}],"replies":[{"embeddable":true,"href":"https:\/\/www.kekova-sailing.com\/en\/wp-json\/wp\/v2\/comments?post=707"}],"version-history":[{"count":0,"href":"https:\/\/www.kekova-sailing.com\/en\/wp-json\/wp\/v2\/pages\/707\/revisions"}],"wp:attachment":[{"href":"https:\/\/www.kekova-sailing.com\/en\/wp-json\/wp\/v2\/media?parent=707"}],"curies":[{"name":"wp","href":"https:\/\/api.w.org\/{rel}","templated":true}]}}