{"id":701,"date":"2025-05-09T08:09:42","date_gmt":"2025-05-09T08:09:42","guid":{"rendered":"https:\/\/www.kekova-sailing.com\/contact\/"},"modified":"2026-02-07T06:28:44","modified_gmt":"2026-02-07T06:28:44","slug":"contact","status":"publish","type":"page","link":"https:\/\/www.kekova-sailing.com\/en\/contact\/","title":{"rendered":"Contact"},"content":{"rendered":"\t\t<div data-elementor-type=\"wp-page\" data-elementor-id=\"701\" class=\"elementor elementor-701 elementor-25\" data-elementor-post-type=\"page\">\n\t\t\t\t<div class=\"elementor-element elementor-element-a4e3c3d e-flex e-con-boxed e-con e-parent\" data-id=\"a4e3c3d\" data-element_type=\"container\" data-e-type=\"container\">\n\t\t\t\t\t<div class=\"e-con-inner\">\n\t\t<div class=\"elementor-element elementor-element-f5c052e e-flex e-con-boxed e-con e-child\" data-id=\"f5c052e\" data-element_type=\"container\" data-e-type=\"container\">\n\t\t\t\t\t<div class=\"e-con-inner\">\n\t\t\t\t<div class=\"elementor-element elementor-element-c901caf elementor-widget elementor-widget-image\" data-id=\"c901caf\" data-element_type=\"widget\" data-e-type=\"widget\" data-widget_type=\"image.default\">\n\t\t\t\t\t\t\t\t\t\t\t\t\t\t\t<img fetchpriority=\"high\" decoding=\"async\" width=\"1440\" height=\"1440\" src=\"https:\/\/www.kekova-sailing.com\/wp-content\/uploads\/2025\/05\/Kekova-Paylasimli-Turlar-1.jpeg\" class=\"attachment-full size-full wp-image-640\" alt=\"\" srcset=\"https:\/\/www.kekova-sailing.com\/wp-content\/uploads\/2025\/05\/Kekova-Paylasimli-Turlar-1.jpeg.webp 1440w, https:\/\/www.kekova-sailing.com\/wp-content\/uploads\/2025\/05\/Kekova-Paylasimli-Turlar-1-300x300.jpeg.webp 300w, https:\/\/www.kekova-sailing.com\/wp-content\/uploads\/2025\/05\/Kekova-Paylasimli-Turlar-1-1024x1024.jpeg.webp 1024w, https:\/\/www.kekova-sailing.com\/wp-content\/uploads\/2025\/05\/Kekova-Paylasimli-Turlar-1-150x150.jpeg.webp 150w, https:\/\/www.kekova-sailing.com\/wp-content\/uploads\/2025\/05\/Kekova-Paylasimli-Turlar-1-768x768.jpeg.webp 768w\" sizes=\"(max-width: 1440px) 100vw, 1440px\" \/>\t\t\t\t\t\t\t\t\t\t\t\t\t\t\t<\/div>\n\t\t\t\t<div class=\"elementor-element elementor-element-da24674 elementor-widget elementor-widget-heading\" data-id=\"da24674\" data-element_type=\"widget\" data-e-type=\"widget\" data-widget_type=\"heading.default\">\n\t\t\t\t\t<h2 class=\"elementor-heading-title elementor-size-default\">Our Contact Information<\/h2>\t\t\t\t<\/div>\n\t\t\t\t<div class=\"elementor-element elementor-element-498200e elementor-widget elementor-widget-heading\" data-id=\"498200e\" data-element_type=\"widget\" data-e-type=\"widget\" data-widget_type=\"heading.default\">\n\t\t\t\t\t<span class=\"elementor-heading-title elementor-size-default\">Durali&amp;S\u00fcleyman Kucur<\/span>\t\t\t\t<\/div>\n\t\t\t\t<div class=\"elementor-element elementor-element-431dc2c elementor-align-center elementor-mobile-align-start elementor-icon-list--layout-traditional elementor-list-item-link-full_width elementor-widget elementor-widget-icon-list\" data-id=\"431dc2c\" data-element_type=\"widget\" data-e-type=\"widget\" data-widget_type=\"icon-list.default\">\n\t\t\t\t\t\t\t<ul class=\"elementor-icon-list-items\">\n\t\t\t\t\t\t\t<li class=\"elementor-icon-list-item\">\n\t\t\t\t\t\t\t\t\t\t\t<a href=\"tel:+905331287670\">\n\n\t\t\t\t\t\t\t\t\t\t\t\t<span class=\"elementor-icon-list-icon\">\n\t\t\t\t\t\t\t<svg xmlns=\"http:\/\/www.w3.org\/2000\/svg\" id=\"katman_1\" data-name=\"katman 1\" viewBox=\"0 0 21.67 35\"><path d=\"M2.62,35c-.72,0-1.34-.26-1.85-.77-.51-.51-.77-1.13-.77-1.85V2.62C0,1.9,.26,1.28,.77,.77c.51-.51,1.13-.77,1.85-.77H19.04c.72,0,1.34,.26,1.85,.77,.51,.51,.77,1.13,.77,1.85v29.75c0,.72-.26,1.34-.77,1.85-.51,.51-1.13,.77-1.85,.77H2.62Zm-.54-6.88v4.25c0,.14,.06,.26,.17,.38,.11,.11,.24,.17,.38,.17H19.04c.14,0,.26-.06,.38-.17,.11-.11,.17-.24,.17-.38v-4.25H2.08Zm8.75,3.67c.36,0,.67-.12,.92-.38s.38-.56,.38-.92c0-.33-.12-.62-.38-.88s-.56-.38-.92-.38-.67,.12-.92,.38-.38,.54-.38,.88c0,.36,.12,.67,.38,.92s.56,.38,.92,.38ZM2.08,26.04H19.58V6.08H2.08V26.04ZM2.08,3.96H19.58v-1.33c0-.14-.06-.26-.17-.38-.11-.11-.24-.17-.38-.17H2.62c-.14,0-.26,.06-.38,.17-.11,.11-.17,.24-.17,.38v1.33Zm0,24.17v0ZM2.08,3.96v0Z\"><\/path><\/svg>\t\t\t\t\t\t<\/span>\n\t\t\t\t\t\t\t\t\t\t<span class=\"elementor-icon-list-text\">+90 533 128 76 70<\/span>\n\t\t\t\t\t\t\t\t\t\t\t<\/a>\n\t\t\t\t\t\t\t\t\t<\/li>\n\t\t\t\t\t\t\t\t<li class=\"elementor-icon-list-item\">\n\t\t\t\t\t\t\t\t\t\t\t<a href=\"mailto:info@kekova-sailing.com\">\n\n\t\t\t\t\t\t\t\t\t\t\t\t<span class=\"elementor-icon-list-icon\">\n\t\t\t\t\t\t\t<svg xmlns=\"http:\/\/www.w3.org\/2000\/svg\" id=\"katman_1\" data-name=\"katman 1\" viewBox=\"0 0 31.67 25\"><path d=\"M2.62,25c-.72,0-1.34-.26-1.85-.77-.51-.51-.77-1.13-.77-1.85V2.62C0,1.9,.26,1.28,.77,.77c.51-.51,1.13-.77,1.85-.77H29.04c.72,0,1.34,.26,1.85,.77,.51,.51,.77,1.13,.77,1.85V22.38c0,.72-.26,1.34-.77,1.85-.51,.51-1.13,.77-1.85,.77H2.62ZM15.83,12.96L2.08,4V22.38c0,.17,.05,.3,.15,.4,.1,.1,.23,.15,.4,.15H29.04c.17,0,.3-.05,.4-.15,.1-.1,.15-.23,.15-.4V4L15.83,12.96Zm0-2.17L29.25,2.08H2.46L15.83,10.79ZM2.08,4V22.38c0,.17,.05,.3,.15,.4,.1,.1,.23,.15,.4,.15h-.54V4Z\"><\/path><\/svg>\t\t\t\t\t\t<\/span>\n\t\t\t\t\t\t\t\t\t\t<span class=\"elementor-icon-list-text\">info@kekova-sailing.com<\/span>\n\t\t\t\t\t\t\t\t\t\t\t<\/a>\n\t\t\t\t\t\t\t\t\t<\/li>\n\t\t\t\t\t\t\t\t<li class=\"elementor-icon-list-item\">\n\t\t\t\t\t\t\t\t\t\t\t<span class=\"elementor-icon-list-icon\">\n\t\t\t\t\t\t\t<svg xmlns=\"http:\/\/www.w3.org\/2000\/svg\" id=\"katman_2\" data-name=\"katman 2\" viewBox=\"0 0 25.83 32.58\"><g id=\"katman_1\" data-name=\"katman 1\"><path d=\"M11.17,17.58l7.54-7.58-1.5-1.5-6.04,6.08-2.5-2.54-1.5,1.5,4,4.04Zm1.75,12.21c3.58-3.19,6.28-6.23,8.1-9.1,1.82-2.88,2.73-5.35,2.73-7.44,0-3.28-1.05-5.96-3.15-8.04-2.1-2.08-4.66-3.12-7.69-3.12s-5.59,1.04-7.69,3.12c-2.1,2.08-3.15,4.76-3.15,8.04,0,2.08,.92,4.56,2.77,7.44,1.85,2.87,4.53,5.91,8.06,9.1Zm0,2.79c-4.33-3.78-7.57-7.28-9.71-10.5C1.07,18.86,0,15.92,0,13.25,0,9.22,1.3,6.01,3.9,3.6,6.49,1.2,9.5,0,12.92,0s6.42,1.2,9.02,3.6c2.6,2.4,3.9,5.62,3.9,9.65,0,2.67-1.07,5.61-3.21,8.83-2.14,3.22-5.37,6.72-9.71,10.5Z\"><\/path><\/g><\/svg>\t\t\t\t\t\t<\/span>\n\t\t\t\t\t\t\t\t\t\t<span class=\"elementor-icon-list-text\">Kale\u00fc\u00e7a\u011f\u0131z, Kale\u00fc\u00e7a\u011f\u0131z Mahallesi, 07570 Demre\/Antalya, T\u00fcrkiye<\/span>\n\t\t\t\t\t\t\t\t\t<\/li>\n\t\t\t\t\t\t<\/ul>\n\t\t\t\t\t\t<\/div>\n\t\t\t\t<div class=\"elementor-element elementor-element-4efa379 elementor-widget elementor-widget-heading\" data-id=\"4efa379\" data-element_type=\"widget\" data-e-type=\"widget\" data-widget_type=\"heading.default\">\n\t\t\t\t\t<span class=\"elementor-heading-title elementor-size-default\">Follow Us!<\/span>\t\t\t\t<\/div>\n\t\t\t\t<div class=\"elementor-element elementor-element-17c07fd elementor-shape-circle e-grid-align-mobile-left elementor-grid-0 e-grid-align-center elementor-widget elementor-widget-social-icons\" data-id=\"17c07fd\" data-element_type=\"widget\" data-e-type=\"widget\" data-widget_type=\"social-icons.default\">\n\t\t\t\t\t\t\t<div class=\"elementor-social-icons-wrapper elementor-grid\" role=\"list\">\n\t\t\t\t\t\t\t<span class=\"elementor-grid-item\" role=\"listitem\">\n\t\t\t\t\t<a class=\"elementor-icon elementor-social-icon elementor-social-icon-instagram elementor-animation-grow elementor-repeater-item-953f926\" href=\"https:\/\/www.instagram.com\/captainduralikekovaofficial\" target=\"_blank\" rel=\"noopener\">\n\t\t\t\t\t\t<span class=\"elementor-screen-only\">Instagram<\/span>\n\t\t\t\t\t\t<svg aria-hidden=\"true\" class=\"e-font-icon-svg e-fab-instagram\" viewBox=\"0 0 448 512\" xmlns=\"http:\/\/www.w3.org\/2000\/svg\"><path d=\"M224.1 141c-63.6 0-114.9 51.3-114.9 114.9s51.3 114.9 114.9 114.9S339 319.5 339 255.9 287.7 141 224.1 141zm0 189.6c-41.1 0-74.7-33.5-74.7-74.7s33.5-74.7 74.7-74.7 74.7 33.5 74.7 74.7-33.6 74.7-74.7 74.7zm146.4-194.3c0 14.9-12 26.8-26.8 26.8-14.9 0-26.8-12-26.8-26.8s12-26.8 26.8-26.8 26.8 12 26.8 26.8zm76.1 27.2c-1.7-35.9-9.9-67.7-36.2-93.9-26.2-26.2-58-34.4-93.9-36.2-37-2.1-147.9-2.1-184.9 0-35.8 1.7-67.6 9.9-93.9 36.1s-34.4 58-36.2 93.9c-2.1 37-2.1 147.9 0 184.9 1.7 35.9 9.9 67.7 36.2 93.9s58 34.4 93.9 36.2c37 2.1 147.9 2.1 184.9 0 35.9-1.7 67.7-9.9 93.9-36.2 26.2-26.2 34.4-58 36.2-93.9 2.1-37 2.1-147.8 0-184.8zM398.8 388c-7.8 19.6-22.9 34.7-42.6 42.6-29.5 11.7-99.5 9-132.1 9s-102.7 2.6-132.1-9c-19.6-7.8-34.7-22.9-42.6-42.6-11.7-29.5-9-99.5-9-132.1s-2.6-102.7 9-132.1c7.8-19.6 22.9-34.7 42.6-42.6 29.5-11.7 99.5-9 132.1-9s102.7-2.6 132.1 9c19.6 7.8 34.7 22.9 42.6 42.6 11.7 29.5 9 99.5 9 132.1s2.7 102.7-9 132.1z\"><\/path><\/svg>\t\t\t\t\t<\/a>\n\t\t\t\t<\/span>\n\t\t\t\t\t\t\t<span class=\"elementor-grid-item\" role=\"listitem\">\n\t\t\t\t\t<a class=\"elementor-icon elementor-social-icon elementor-social-icon-facebook elementor-animation-grow elementor-repeater-item-b368688\" href=\"https:\/\/tr-tr.facebook.com\/kekovasailing\/\" target=\"_blank\" rel=\"noopener\">\n\t\t\t\t\t\t<span class=\"elementor-screen-only\">Facebook<\/span>\n\t\t\t\t\t\t<svg aria-hidden=\"true\" class=\"e-font-icon-svg e-fab-facebook\" viewBox=\"0 0 512 512\" xmlns=\"http:\/\/www.w3.org\/2000\/svg\"><path d=\"M504 256C504 119 393 8 256 8S8 119 8 256c0 123.78 90.69 226.38 209.25 245V327.69h-63V256h63v-54.64c0-62.15 37-96.48 93.67-96.48 27.14 0 55.52 4.84 55.52 4.84v61h-31.28c-30.8 0-40.41 19.12-40.41 38.73V256h68.78l-11 71.69h-57.78V501C413.31 482.38 504 379.78 504 256z\"><\/path><\/svg>\t\t\t\t\t<\/a>\n\t\t\t\t<\/span>\n\t\t\t\t\t\t\t<span class=\"elementor-grid-item\" role=\"listitem\">\n\t\t\t\t\t<a class=\"elementor-icon elementor-social-icon elementor-social-icon-youtube elementor-animation-grow elementor-repeater-item-b0cf1d2\" href=\"https:\/\/www.youtube.com\/@captain453\" target=\"_blank\" rel=\"noopener\">\n\t\t\t\t\t\t<span class=\"elementor-screen-only\">Youtube<\/span>\n\t\t\t\t\t\t<svg aria-hidden=\"true\" class=\"e-font-icon-svg e-fab-youtube\" viewBox=\"0 0 576 512\" xmlns=\"http:\/\/www.w3.org\/2000\/svg\"><path d=\"M549.655 124.083c-6.281-23.65-24.787-42.276-48.284-48.597C458.781 64 288 64 288 64S117.22 64 74.629 75.486c-23.497 6.322-42.003 24.947-48.284 48.597-11.412 42.867-11.412 132.305-11.412 132.305s0 89.438 11.412 132.305c6.281 23.65 24.787 41.5 48.284 47.821C117.22 448 288 448 288 448s170.78 0 213.371-11.486c23.497-6.321 42.003-24.171 48.284-47.821 11.412-42.867 11.412-132.305 11.412-132.305s0-89.438-11.412-132.305zm-317.51 213.508V175.185l142.739 81.205-142.739 81.201z\"><\/path><\/svg>\t\t\t\t\t<\/a>\n\t\t\t\t<\/span>\n\t\t\t\t\t<\/div>\n\t\t\t\t\t\t<\/div>\n\t\t\t\t\t<\/div>\n\t\t\t\t<\/div>\n\t\t\t\t\t<\/div>\n\t\t\t\t<\/div>\n\t\t\t\t<\/div>\n\t\t","protected":false},"excerpt":{"rendered":"<p>Our Contact Information Durali&amp;S\u00fcleyman Kucur Follow Us! Instagram Facebook Youtube<\/p>\n","protected":false},"author":1,"featured_media":0,"parent":0,"menu_order":0,"comment_status":"closed","ping_status":"closed","template":"","meta":{"footnotes":""},"class_list":["post-701","page","type-page","status-publish","hentry"],"_links":{"self":[{"href":"https:\/\/www.kekova-sailing.com\/en\/wp-json\/wp\/v2\/pages\/701","targetHints":{"allow":["GET"]}}],"collection":[{"href":"https:\/\/www.kekova-sailing.com\/en\/wp-json\/wp\/v2\/pages"}],"about":[{"href":"https:\/\/www.kekova-sailing.com\/en\/wp-json\/wp\/v2\/types\/page"}],"author":[{"embeddable":true,"href":"https:\/\/www.kekova-sailing.com\/en\/wp-json\/wp\/v2\/users\/1"}],"replies":[{"embeddable":true,"href":"https:\/\/www.kekova-sailing.com\/en\/wp-json\/wp\/v2\/comments?post=701"}],"version-history":[{"count":3,"href":"https:\/\/www.kekova-sailing.com\/en\/wp-json\/wp\/v2\/pages\/701\/revisions"}],"predecessor-version":[{"id":1170,"href":"https:\/\/www.kekova-sailing.com\/en\/wp-json\/wp\/v2\/pages\/701\/revisions\/1170"}],"wp:attachment":[{"href":"https:\/\/www.kekova-sailing.com\/en\/wp-json\/wp\/v2\/media?parent=701"}],"curies":[{"name":"wp","href":"https:\/\/api.w.org\/{rel}","templated":true}]}}