{"id":699,"date":"2025-05-09T08:09:31","date_gmt":"2025-05-09T08:09:31","guid":{"rendered":"https:\/\/www.kekova-sailing.com\/about-us\/"},"modified":"2025-06-12T13:55:27","modified_gmt":"2025-06-12T13:55:27","slug":"about-us","status":"publish","type":"page","link":"https:\/\/www.kekova-sailing.com\/en\/about-us\/","title":{"rendered":"About Us"},"content":{"rendered":"\t\t<div data-elementor-type=\"wp-page\" data-elementor-id=\"699\" class=\"elementor elementor-699 elementor-23\" data-elementor-post-type=\"page\">\n\t\t\t\t<div class=\"elementor-element elementor-element-bb668da e-flex e-con-boxed e-con e-parent\" data-id=\"bb668da\" data-element_type=\"container\" data-e-type=\"container\">\n\t\t\t\t\t<div class=\"e-con-inner\">\n\t\t<div class=\"elementor-element elementor-element-fc0a19d e-con-full e-flex e-con e-child\" data-id=\"fc0a19d\" data-element_type=\"container\" data-e-type=\"container\" data-settings=\"{&quot;background_background&quot;:&quot;classic&quot;}\">\n\t\t<div class=\"elementor-element elementor-element-fa05877 e-con-full e-flex e-con e-child\" data-id=\"fa05877\" data-element_type=\"container\" data-e-type=\"container\">\n\t\t\t\t<div class=\"elementor-element elementor-element-f01fd5d elementor-widget-tablet__width-initial elementor-widget elementor-widget-image\" data-id=\"f01fd5d\" data-element_type=\"widget\" data-e-type=\"widget\" data-widget_type=\"image.default\">\n\t\t\t\t\t\t\t\t\t\t\t\t\t\t\t<img fetchpriority=\"high\" decoding=\"async\" width=\"960\" height=\"1160\" src=\"https:\/\/www.kekova-sailing.com\/wp-content\/uploads\/2025\/05\/Kekova-Tekne-Turu-Tavsiye.avif\" class=\"attachment-full size-full wp-image-677\" alt=\"\" srcset=\"https:\/\/www.kekova-sailing.com\/wp-content\/uploads\/2025\/05\/Kekova-Tekne-Turu-Tavsiye.avif 960w, https:\/\/www.kekova-sailing.com\/wp-content\/uploads\/2025\/05\/Kekova-Tekne-Turu-Tavsiye-248x300.avif 248w, https:\/\/www.kekova-sailing.com\/wp-content\/uploads\/2025\/05\/Kekova-Tekne-Turu-Tavsiye-847x1024.avif 847w, https:\/\/www.kekova-sailing.com\/wp-content\/uploads\/2025\/05\/Kekova-Tekne-Turu-Tavsiye-768x928.avif 768w\" sizes=\"(max-width: 960px) 100vw, 960px\" \/>\t\t\t\t\t\t\t\t\t\t\t\t\t\t\t<\/div>\n\t\t\t\t<\/div>\n\t\t<div class=\"elementor-element elementor-element-d66b65d e-con-full e-flex e-con e-child\" data-id=\"d66b65d\" data-element_type=\"container\" data-e-type=\"container\">\n\t\t\t\t<div class=\"elementor-element elementor-element-eb2072a elementor-widget elementor-widget-heading\" data-id=\"eb2072a\" data-element_type=\"widget\" data-e-type=\"widget\" data-widget_type=\"heading.default\">\n\t\t\t\t\t<span class=\"elementor-heading-title elementor-size-default\">Who We Are and What We Do...<\/span>\t\t\t\t<\/div>\n\t\t\t\t<div class=\"elementor-element elementor-element-9893619 elementor-widget-tablet__width-inherit elementor-widget elementor-widget-heading\" data-id=\"9893619\" data-element_type=\"widget\" data-e-type=\"widget\" data-widget_type=\"heading.default\">\n\t\t\t\t\t<h2 class=\"elementor-heading-title elementor-size-default\">Blue Cruise is More Beautiful with Kekova-Sailing<\/h2>\t\t\t\t<\/div>\n\t\t\t\t<div class=\"elementor-element elementor-element-4118605 elementor-widget__width-initial elementor-widget-tablet__width-initial elementor-widget elementor-widget-text-editor\" data-id=\"4118605\" data-element_type=\"widget\" data-e-type=\"widget\" data-widget_type=\"text-editor.default\">\n\t\t\t\t\t\t\t\t\t<p>Planning a holiday in Kekova can mean different things for everyone. Some seek an escape in nature, others want to fully enjoy the sea\u2026 And that\u2019s exactly where Kekova-Sailing comes in!<\/p>\n<p>With our experienced team, we offer tailored solutions to meet the needs and expectations of each guest. Whether you&#8217;re looking for a short fun tour or a peaceful overnight blue cruise, we make the planning easy and turn the process into pure enjoyment.<\/p>\n<p><strong>Get Information for Overnight Tours!<\/strong><\/p>\n<p>Swimming breaks in beautiful bays, the cool Mediterranean breeze at sunset, and the unique experience of sleeping on board under the stars await you.<\/p>\n\t\t\t\t\t\t\t\t<\/div>\n\t\t\t\t<\/div>\n\t\t\t\t<\/div>\n\t\t\t\t\t<\/div>\n\t\t\t\t<\/div>\n\t\t<div class=\"elementor-element elementor-element-5867aec e-flex e-con-boxed e-con e-parent\" data-id=\"5867aec\" data-element_type=\"container\" data-e-type=\"container\">\n\t\t\t\t\t<div class=\"e-con-inner\">\n\t\t<div class=\"elementor-element elementor-element-0080085 e-con-full e-flex e-con e-child\" data-id=\"0080085\" data-element_type=\"container\" data-e-type=\"container\" data-settings=\"{&quot;background_background&quot;:&quot;classic&quot;}\">\n\t\t<div class=\"elementor-element elementor-element-3233ecf e-con-full e-flex e-con e-child\" data-id=\"3233ecf\" data-element_type=\"container\" data-e-type=\"container\">\n\t\t\t\t<div class=\"elementor-element elementor-element-af0aaa7 elementor-widget-tablet__width-inherit elementor-widget elementor-widget-heading\" data-id=\"af0aaa7\" data-element_type=\"widget\" data-e-type=\"widget\" data-widget_type=\"heading.default\">\n\t\t\t\t\t<h2 class=\"elementor-heading-title elementor-size-default\">Start Your Next Adventure with Kekova-Sailing<\/h2>\t\t\t\t<\/div>\n\t\t\t\t<div class=\"elementor-element elementor-element-0b9d272 elementor-widget__width-initial elementor-widget-tablet__width-initial elementor-widget elementor-widget-text-editor\" data-id=\"0b9d272\" data-element_type=\"widget\" data-e-type=\"widget\" data-widget_type=\"text-editor.default\">\n\t\t\t\t\t\t\t\t\t<p><strong>The Best Kekova Tour for You is Here<\/strong><\/p>\n<p>Kekova-Sailing was founded in 1980 with the idea that <span style=\"color: #000000;\"><em><span style=\"text-decoration: underline;\">\u201cvacation planning should be easy and enjoyable\u201d<\/span><\/em><\/span>. Since then, we have been offering peaceful, safe, and unforgettable boat tours to our guests.<\/p>\n<p>All our boats are located in the Kekova \u00dc\u00e7a\u011f\u0131z region and are owned by us. <span style=\"text-decoration: underline;\"><em>This means you don\u2019t pay any intermediary commission. In some companies, these commissions can almost equal the tour fee. With us, there are no such extra costs.<\/em><\/span><\/p>\n<p>You can rent our boats privately or join our shared tours to explore the unique nature of Kekova in a more economical way.<\/p>\n<p>Shared Kekova tours start every day at 10:30 AM and end at 5:00 PM. <span style=\"text-decoration: underline;\"><em>Just contact us to get the best price and make a reservation.<\/em><\/span><\/p>\n<p>You can call us at any time of the day for detailed information and directions. <span style=\"text-decoration: underline;\"><em>All our boats have official tourism licenses.<\/em><\/span><\/p>\n\t\t\t\t\t\t\t\t<\/div>\n\t\t\t\t<\/div>\n\t\t<div class=\"elementor-element elementor-element-5e2b6a0 e-con-full e-flex e-con e-child\" data-id=\"5e2b6a0\" data-element_type=\"container\" data-e-type=\"container\">\n\t\t\t\t<div class=\"elementor-element elementor-element-34bbb52 elementor-widget-tablet__width-initial elementor-widget elementor-widget-image\" data-id=\"34bbb52\" data-element_type=\"widget\" data-e-type=\"widget\" data-widget_type=\"image.default\">\n\t\t\t\t\t\t\t\t\t\t\t\t\t\t\t<img decoding=\"async\" width=\"647\" height=\"1280\" src=\"https:\/\/www.kekova-sailing.com\/wp-content\/uploads\/2025\/05\/16.jpeg\" class=\"attachment-full size-full wp-image-666\" alt=\"\" srcset=\"https:\/\/www.kekova-sailing.com\/wp-content\/uploads\/2025\/05\/16.jpeg.webp 647w, https:\/\/www.kekova-sailing.com\/wp-content\/uploads\/2025\/05\/16-152x300.jpeg.webp 152w, https:\/\/www.kekova-sailing.com\/wp-content\/uploads\/2025\/05\/16-518x1024.jpeg.webp 518w\" sizes=\"(max-width: 647px) 100vw, 647px\" \/>\t\t\t\t\t\t\t\t\t\t\t\t\t\t\t<\/div>\n\t\t\t\t<\/div>\n\t\t\t\t<\/div>\n\t\t\t\t\t<\/div>\n\t\t\t\t<\/div>\n\t\t<div class=\"elementor-element elementor-element-c14536d e-flex e-con-boxed e-con e-parent\" data-id=\"c14536d\" data-element_type=\"container\" data-e-type=\"container\" data-settings=\"{&quot;background_background&quot;:&quot;classic&quot;}\">\n\t\t\t\t\t<div class=\"e-con-inner\">\n\t\t\t\t<div class=\"elementor-element elementor-element-954d82c elementor-widget__width-initial elementor-widget-tablet__width-initial elementor-widget-mobile__width-initial elementor-widget elementor-widget-heading\" data-id=\"954d82c\" data-element_type=\"widget\" data-e-type=\"widget\" data-widget_type=\"heading.default\">\n\t\t\t\t\t<span class=\"elementor-heading-title elementor-size-default\">Are you ready to experience the unique beauty of Kekova?<\/span>\t\t\t\t<\/div>\n\t\t\t\t<div class=\"elementor-element elementor-element-25273ae elementor-widget__width-initial elementor-widget-tablet__width-initial elementor-widget elementor-widget-text-editor\" data-id=\"25273ae\" data-element_type=\"widget\" data-e-type=\"widget\" data-widget_type=\"text-editor.default\">\n\t\t\t\t\t\t\t\t\t<p>Start your Kekova adventure today by choosing one of the tour options above or by contacting us to create a custom route! Get in touch with us for the Kekova tour of your dreams!<\/p>\n\t\t\t\t\t\t\t\t<\/div>\n\t\t\t\t<div class=\"elementor-element elementor-element-a3d6382 elementor-align-justify elementor-mobile-align-justify elementor-widget__width-initial elementor-widget-tablet__width-initial elementor-widget-mobile__width-initial elementor-widget elementor-widget-button\" data-id=\"a3d6382\" data-element_type=\"widget\" data-e-type=\"widget\" data-widget_type=\"button.default\">\n\t\t\t\t\t\t\t\t\t\t<a class=\"elementor-button elementor-button-link elementor-size-sm\" href=\"tel:+905331287670\" title=\"Kekova Tekne Turu Fiyat\u0131 \u0130\u00e7in Aray\u0131n\">\n\t\t\t\t\t\t<span class=\"elementor-button-content-wrapper\">\n\t\t\t\t\t\t<span class=\"elementor-button-icon\">\n\t\t\t\t<svg xmlns=\"http:\/\/www.w3.org\/2000\/svg\" id=\"katman_1\" data-name=\"katman 1\" viewBox=\"0 0 28.29 28.67\"><path d=\"M26.17,14c-.17-3.25-1.38-6.01-3.65-8.27-2.26-2.26-5.02-3.48-8.27-3.65V0c1.92,.06,3.71,.46,5.38,1.21s3.13,1.76,4.4,3.02c1.26,1.26,2.27,2.73,3.02,4.4s1.17,3.46,1.25,5.38h-2.12Zm-6.83,0c-.17-1.33-.72-2.47-1.67-3.42-.94-.94-2.08-1.49-3.42-1.62v-2.12c1.92,.17,3.55,.92,4.9,2.27,1.35,1.35,2.1,2.98,2.27,4.9h-2.08Zm7.12,14.67c-3.17,0-6.33-.79-9.48-2.38-3.15-1.58-5.99-3.63-8.5-6.15-2.51-2.51-4.56-5.34-6.12-8.48C.78,8.53,0,5.37,0,2.21c0-.5,.17-.92,.52-1.27S1.29,.42,1.79,.42H6.79c.42,0,.78,.14,1.1,.42s.52,.64,.6,1.08l1,4.62c.06,.39,.04,.76-.04,1.1-.08,.35-.25,.63-.5,.85l-3.88,3.79c1.5,2.53,3.2,4.74,5.1,6.62,1.9,1.89,4.09,3.51,6.56,4.88l3.75-3.88c.28-.28,.59-.48,.94-.6,.35-.12,.72-.15,1.1-.06l4.21,.92c.44,.08,.81,.29,1.08,.62,.28,.33,.42,.74,.42,1.21v4.83c0,.53-.17,.97-.52,1.31-.35,.35-.77,.52-1.27,.52ZM4.04,10.38l3.29-3.17c.03-.06,.05-.12,.06-.19,.01-.07,.02-.13,.02-.19l-.83-4.08c-.03-.08-.07-.15-.12-.19-.06-.04-.12-.06-.21-.06H2.33c-.08,0-.15,.02-.19,.06-.04,.04-.06,.1-.06,.19,.03,1.11,.2,2.3,.52,3.56s.8,2.62,1.44,4.06Zm14.67,14.42c1.11,.53,2.32,.94,3.62,1.25,1.31,.31,2.51,.47,3.62,.5,.06,0,.1-.02,.15-.06,.04-.04,.06-.09,.06-.15v-3.92c0-.08-.02-.15-.06-.21-.04-.06-.1-.08-.19-.08l-3.71-.75c-.06-.03-.1-.04-.15-.02-.04,.01-.09,.05-.15,.1l-3.21,3.33Z\"><\/path><\/svg>\t\t\t<\/span>\n\t\t\t\t\t\t\t\t\t<span class=\"elementor-button-text\">Call Us Now<\/span>\n\t\t\t\t\t<\/span>\n\t\t\t\t\t<\/a>\n\t\t\t\t\t\t\t\t<\/div>\n\t\t\t\t\t<\/div>\n\t\t\t\t<\/div>\n\t\t<div class=\"elementor-element elementor-element-2436582 e-con-full e-flex e-con e-child\" data-id=\"2436582\" data-element_type=\"container\" data-e-type=\"container\" data-settings=\"{&quot;background_background&quot;:&quot;classic&quot;}\">\n\t\t<div class=\"elementor-element elementor-element-0a7a205 e-con-full e-flex e-con e-child\" data-id=\"0a7a205\" data-element_type=\"container\" data-e-type=\"container\">\n\t\t\t\t<div class=\"elementor-element elementor-element-39bc262 elementor-widget-tablet__width-initial elementor-widget elementor-widget-image\" data-id=\"39bc262\" data-element_type=\"widget\" data-e-type=\"widget\" data-widget_type=\"image.default\">\n\t\t\t\t\t\t\t\t\t\t\t\t\t\t\t<img decoding=\"async\" width=\"840\" height=\"603\" src=\"https:\/\/www.kekova-sailing.com\/wp-content\/uploads\/2025\/05\/17.jpeg\" class=\"attachment-full size-full wp-image-667\" alt=\"\" srcset=\"https:\/\/www.kekova-sailing.com\/wp-content\/uploads\/2025\/05\/17.jpeg.webp 840w, https:\/\/www.kekova-sailing.com\/wp-content\/uploads\/2025\/05\/17-300x215.jpeg.webp 300w, https:\/\/www.kekova-sailing.com\/wp-content\/uploads\/2025\/05\/17-768x551.jpeg.webp 768w\" sizes=\"(max-width: 840px) 100vw, 840px\" \/>\t\t\t\t\t\t\t\t\t\t\t\t\t\t\t<\/div>\n\t\t\t\t<\/div>\n\t\t<div class=\"elementor-element elementor-element-89ff817 e-con-full e-flex e-con e-child\" data-id=\"89ff817\" data-element_type=\"container\" data-e-type=\"container\">\n\t\t\t\t<div class=\"elementor-element elementor-element-2f02f2c elementor-widget-tablet__width-inherit elementor-widget elementor-widget-heading\" data-id=\"2f02f2c\" data-element_type=\"widget\" data-e-type=\"widget\" data-widget_type=\"heading.default\">\n\t\t\t\t\t<h2 class=\"elementor-heading-title elementor-size-default\">Why Kekova Sailing?<\/h2>\t\t\t\t<\/div>\n\t\t\t\t<div class=\"elementor-element elementor-element-24378d9 elementor-widget__width-initial elementor-widget-tablet__width-initial elementor-widget elementor-widget-text-editor\" data-id=\"24378d9\" data-element_type=\"widget\" data-e-type=\"widget\" data-widget_type=\"text-editor.default\">\n\t\t\t\t\t\t\t\t\t<p>With our 30 years of experience, we know the calmest and most beautiful bays of Kekova better than anyone, and we conduct our tours safely and peacefully thanks to our deep knowledge of the region. We carefully plan every detail to ensure you have a comfortable and enjoyable experience throughout the tour.<\/p>\n<p>Our boats are meticulously cleaned and fully equipped, and they are renewed each season. While you enjoy the sea, we guarantee your safety and comfort.<\/p>\n<p>We help you choose the most suitable tour and boat, and we can create custom routes tailored to your needs. You can follow our standard route or explore the untouched beauty of Kekova with personalized routes.<\/p>\n<p>We offer personalized comfort for each of our guests on our boats and are here for your special occasions as well. For birthdays, marriage proposals, and other special moments, we prepare our boat in advance and plan every detail together with you.<\/p>\n<p>With Kekova Sailing, you don&#8217;t just take a boat tour \u2014 you experience an unforgettable sea journey.<\/p>\n\t\t\t\t\t\t\t\t<\/div>\n\t\t\t\t<\/div>\n\t\t\t\t<\/div>\n\t\t\t\t<\/div>\n\t\t","protected":false},"excerpt":{"rendered":"<p>Who We Are and What We Do&#8230; Blue Cruise is More Beautiful with Kekova-Sailing Planning a holiday in Kekova can mean different things for everyone. Some seek an escape in nature, others want to fully enjoy the sea\u2026 And that\u2019s exactly where Kekova-Sailing comes in! With our experienced team, we offer tailored solutions to meet [&hellip;]<\/p>\n","protected":false},"author":1,"featured_media":0,"parent":0,"menu_order":0,"comment_status":"closed","ping_status":"closed","template":"","meta":{"footnotes":""},"class_list":["post-699","page","type-page","status-publish","hentry"],"_links":{"self":[{"href":"https:\/\/www.kekova-sailing.com\/en\/wp-json\/wp\/v2\/pages\/699","targetHints":{"allow":["GET"]}}],"collection":[{"href":"https:\/\/www.kekova-sailing.com\/en\/wp-json\/wp\/v2\/pages"}],"about":[{"href":"https:\/\/www.kekova-sailing.com\/en\/wp-json\/wp\/v2\/types\/page"}],"author":[{"embeddable":true,"href":"https:\/\/www.kekova-sailing.com\/en\/wp-json\/wp\/v2\/users\/1"}],"replies":[{"embeddable":true,"href":"https:\/\/www.kekova-sailing.com\/en\/wp-json\/wp\/v2\/comments?post=699"}],"version-history":[{"count":0,"href":"https:\/\/www.kekova-sailing.com\/en\/wp-json\/wp\/v2\/pages\/699\/revisions"}],"wp:attachment":[{"href":"https:\/\/www.kekova-sailing.com\/en\/wp-json\/wp\/v2\/media?parent=699"}],"curies":[{"name":"wp","href":"https:\/\/api.w.org\/{rel}","templated":true}]}}